{"id":1855,"date":"2022-03-28T05:58:08","date_gmt":"2022-03-28T05:58:08","guid":{"rendered":"https:\/\/iotlink.jaysoft.asia\/?page_id=1855"},"modified":"2023-03-06T14:57:11","modified_gmt":"2023-03-06T07:57:11","slug":"chinh-sach-bao-mat","status":"publish","type":"page","link":"https:\/\/iotlink.com.vn\/en\/chinh-sach-bao-mat\/","title":{"rendered":"Privacy Policy"},"content":{"rendered":"<div data-elementor-type=\"wp-page\" data-elementor-id=\"1855\" class=\"elementor elementor-1855\" data-elementor-post-type=\"page\">\n\t\t\t\t\t\t<section class=\"elementor-section elementor-top-section elementor-element elementor-element-2d10440f elementor-section-boxed elementor-section-height-default elementor-section-height-default\" data-id=\"2d10440f\" data-element_type=\"section\" data-settings=\"{&quot;ekit_has_onepagescroll_dot&quot;:&quot;yes&quot;}\">\n\t\t\t\t\t\t<div class=\"elementor-container elementor-column-gap-default\">\n\t\t\t\t\t<div class=\"elementor-column elementor-col-100 elementor-top-column elementor-element elementor-element-12163e81\" data-id=\"12163e81\" data-element_type=\"column\">\n\t\t\t<div class=\"elementor-widget-wrap elementor-element-populated\">\n\t\t\t\t\t\t<div class=\"elementor-element elementor-element-1ffa2266 elementor-widget elementor-widget-text-editor\" data-id=\"1ffa2266\" data-element_type=\"widget\" data-settings=\"{&quot;ekit_we_effect_on&quot;:&quot;none&quot;}\" data-widget_type=\"text-editor.default\">\n\t\t\t\t<div class=\"elementor-widget-container\">\n\t\t\t\t\t\t\t<h1 class=\"titContent\">Introduce<\/h1>\r\n<div class=\"text\">\r\n<div>When using our services, you trust us to share your information. We understand that this is a big responsibility and we work hard to protect your information and keep you in control.<\/div>\r\n<div>This Privacy Policy is intended to help you understand what information we collect, why we collect it, and how you can update, manage, export and delete your information.<\/div>\r\n<div>This policy is effective from January 1, 2022.<\/div>\r\n<div>We develop map-related services for integration into third-party applications.<\/div>\r\n<div>You can use our services in a variety of ways to manage your privacy.<\/div>\r\n<div>To help explain things as clearly as possible, we&#039;ve added examples or illustrative images\/videos and provided definitions for the specific terms we use in our services.<\/div>\r\n<div><\/div>\r\n<div>In addition to these policies, you also need to consider\u00a0<a class=\"\" href=\"https:\/\/policies.map4d.vn\/rules\">Map4D . Terms of Service<\/a>\u00a0to ensure that you do not miss important information regarding our responsibilities and yours while you use the services provided by us.<\/div>\r\n<div><img fetchpriority=\"high\" decoding=\"async\" class=\"aligncenter wp-image-11941 size-full\" src=\"https:\/\/iotlink.com.vn\/wp-content\/uploads\/2022\/10\/iotlimk-map4d-chinh-sach-bao-mat-thong-tin-01.png\" alt=\"Ch\u00ednh s\u00e1ch b\u1ea3o m\u1eadt th\u00f4ng tin IOTLink - Map4D\" width=\"300\" height=\"300\" srcset=\"https:\/\/iotlink.com.vn\/wp-content\/uploads\/2022\/10\/iotlimk-map4d-chinh-sach-bao-mat-thong-tin-01.png 300w, https:\/\/iotlink.com.vn\/wp-content\/uploads\/2022\/10\/iotlimk-map4d-chinh-sach-bao-mat-thong-tin-01-150x150.png 150w, https:\/\/iotlink.com.vn\/wp-content\/uploads\/2022\/10\/iotlimk-map4d-chinh-sach-bao-mat-thong-tin-01-12x12.png 12w\" sizes=\"(max-width: 300px) 100vw, 300px\" \/><\/div>\r\n<\/div>\r\n<h2 class=\"titContent\">Information Map4D Collects<\/h2>\r\n<div class=\"text\">\r\n<div>We want you to understand the types of information we collect when you use our services<\/div>\r\n<div>We collect information to provide better services to all of our users. For example, we collect keywords that users frequently search for to better understand the actual needs of users, from which we build more optimized features. The information Map4D collects and how that information is used depends on how you use our services and how you manage your privacy controls.<\/div>\r\n<div><\/div>\r\n<\/div>\r\n<h2 class=\"titContent\">Information you create or provide to us<\/h2>\r\n<div class=\"text\">\r\n<div>When you create an account on the Map4D system, you provide us with personal information including your email, password, in addition you can provide additional information such as your name, phone number your city, province in which you live. You can also create an account on the Map4D system through accounts available on some other platforms. We only use this information with your permission.<\/div>\r\n<div>We collect information that you create and upload when you use features on the Map4D system, including: Create a place on Map4D, request to edit some information of a place on the system. Map4D, save locations on Map4D\u2026<\/div>\r\n<div><\/div>\r\n<\/div>\r\n<h2 class=\"titContent\">Information we collect when you use our services<\/h2>\r\n<div class=\"text\">\r\n<h3>Your browsers and devices<\/h3>\r\n<div>We collect information about the applications, browsers, and devices you use to access Map4D&#039;s services. This helps us provide features such as automatic product updates.<\/div>\r\n<div>The information we collect includes the type of browser and information about the device you are using.<\/div>\r\n<div>We collect this information when a Map4D service on your device connects to our servers. For example, when you access the Map4D system and use the features on the Map4D system.<\/div>\r\n<div>This information will not be shared with anyone other than to improve the user experience.<\/div>\r\n<div><\/div>\r\n<\/div>\r\n<h3 class=\"titContent\">Information about your location<\/h3>\r\n<div class=\"text\">\r\n<div>We collect information about your location when you use our services. This helps us provide features like driving directions, search results for places near you based on your general location.<\/div>\r\n<div>We may determine your location with varying accuracy by:<\/div>\r\n<div>\r\n<div class=\"indentation\">\u2013 GPS data<\/div>\r\n<\/div>\r\n<div>\r\n<div class=\"indentation\">- IP address<\/div>\r\n<\/div>\r\n<div>Works on Map4D services, such as what you search for and places you label as home or work.<\/div>\r\n<div>The types of location data we collect and how long we store it will depend in part on your device and account settings.<\/div>\r\n<div><\/div>\r\n<\/div>\r\n<h3 class=\"titContent\">The reason Map4D collects data<\/h3>\r\n<div class=\"text\">\r\n<div>We use data to develop better services.<\/div>\r\n<div><\/div>\r\n<div><b>Service Provider:\u00a0<\/b>We use your information to provide services such as processing the terms you search for to return more optimal results to you.<\/div>\r\n<div><b>Maintain and improve our services:<\/b>\u00a0We also use your information to make sure our services work as intended, such as providing you with more accurate navigation. In addition, we also use your information to improve our services. For example, understanding which search terms are used the most helps us understand your habits to make better recommendations for you.<\/div>\r\n<div><b>Measure performance:\u00a0<\/b>We use data for analysis and measurement to understand how our services are used. For example, we analyze data about your visits to our websites to do things like optimize product design.<\/div>\r\n<div><b>Contact you:\u00a0<\/b>We use the information we collect, such as your email address, to interact with you directly. For example, we may send you notifications if we detect suspicious or unusual activity for your account on the Map4D system. In addition, we may notify you of upcoming changes or improvements to our services.<\/div>\r\n<div><b>Protect Map4D, Map4D users and stakeholders:\u00a0<\/b>We use information to help improve the safety and reliability of our services. This includes detecting, preventing, and responding to fraud, abuse, security risks and technical problems that could harm Map4D, Map4D&#039;s users or stakeholders .<\/div>\r\n<div>We will obtain your consent before using your information for a purpose not covered by this Policy.<\/div>\r\n<\/div>\r\n<div class=\"titContent\">Share your info<\/div>\r\n<div class=\"text\">\r\n<div>Map4D will not share your personal information with companies, organizations or individuals outside of Map4D.<\/div>\r\n<div><\/div>\r\n<\/div>\r\n<h2 class=\"titContent\">Secure your information<\/h2>\r\n<div class=\"text\">\r\n<div>We integrate security features into our services to protect your information.<\/div>\r\n<div>All Map4D services are packed with powerful security features that continuously protect your information. The insights we get from maintaining services help us detect and automatically block security threats so they never reach you. If we find something potentially risky that we think you should be aware of, we&#039;ll notify you and walk you through steps for better protection.<\/div>\r\n<div><\/div>\r\n<div>We work to protect you and Map4D from unauthorized access, alteration, disclosure or destruction of the information we hold, including:<\/div>\r\n<div>\r\n<div class=\"indentation\">\u2013 We use encryption to secure your data during transmission.<\/div>\r\n<\/div>\r\n<div>\r\n<div class=\"indentation\">\u2013 We review the ways we process, store and collect information, including physical security measures, to prevent unauthorized access to our systems.<\/div>\r\n<\/div>\r\n<div>\r\n<div class=\"indentation\">\u2013 We only allow Map4D employees and representatives to access personal information who need it to process it. Anyone with this access is required to fulfill strict contractual confidentiality obligations and may be subject to disciplinary action or termination if they fail to comply with those obligations.<\/div>\r\n<div><\/div>\r\n<\/div>\r\n<\/div>\r\n<h2 class=\"titContent\">Compliance and cooperation with regulatory authorities<\/h2>\r\n<div class=\"text\">\r\n<div>We regularly review this Privacy Policy and ensure that we handle your information in a manner that complies with this policy.<\/div>\r\n<div>We comply with the provisions of Vietnamese law in relation to the services we provide.<\/div>\r\n<div>In the event of a complaint, we will respond by contacting the complainant. We cooperate with the appropriate regulatory authorities to resolve your complaints regarding the services we provide.<\/div>\r\n<\/div>\t\t\t\t\t\t<\/div>\n\t\t\t\t<\/div>\n\t\t\t\t\t<\/div>\n\t\t<\/div>\n\t\t\t\t\t<\/div>\n\t\t<\/section>\n\t\t\t\t<\/div>","protected":false},"excerpt":{"rendered":"<p>Introduction When using our services, you trust us to share your information. We understand that this is a big responsibility and we work hard to protect your information and keep you in control. Privacy Policy [\u2026]<\/p>","protected":false},"author":1,"featured_media":11941,"parent":0,"menu_order":0,"comment_status":"closed","ping_status":"closed","template":"","meta":{"footnotes":""},"class_list":["post-1855","page","type-page","status-publish","has-post-thumbnail","hentry"],"yoast_head":"<!-- This site is optimized with the Yoast SEO Premium plugin v22.0 (Yoast SEO v24.8) - https:\/\/yoast.com\/wordpress\/plugins\/seo\/ -->\n<title>Ch\u00ednh s\u00e1ch b\u1ea3o m\u1eadt - IOTLINK<\/title>\n<meta name=\"description\" content=\"Ch\u00fang t\u00f4i mu\u1ed1n b\u1ea1n hi\u1ec3u r\u00f5 c\u00e1c lo\u1ea1i th\u00f4ng tin m\u00e0 ch\u00fang t\u00f4i thu th\u1eadp khi b\u1ea1n s\u1eed d\u1ee5ng d\u1ecbch v\u1ee5 c\u1ee7a ch\u00fang t\u00f4i.\" \/>\n<meta name=\"robots\" content=\"index, follow, max-snippet:-1, max-image-preview:large, max-video-preview:-1\" \/>\n<link rel=\"canonical\" href=\"https:\/\/iotlink.com.vn\/en\/chinh-sach-bao-mat\/\" \/>\n<meta property=\"og:locale\" content=\"en_US\" \/>\n<meta property=\"og:type\" content=\"article\" \/>\n<meta property=\"og:title\" content=\"Ch\u00ednh s\u00e1ch b\u1ea3o m\u1eadt\" \/>\n<meta property=\"og:description\" content=\"Ch\u00fang t\u00f4i mu\u1ed1n b\u1ea1n hi\u1ec3u r\u00f5 c\u00e1c lo\u1ea1i th\u00f4ng tin m\u00e0 ch\u00fang t\u00f4i thu th\u1eadp khi b\u1ea1n s\u1eed d\u1ee5ng d\u1ecbch v\u1ee5 c\u1ee7a ch\u00fang t\u00f4i.\" \/>\n<meta property=\"og:url\" content=\"https:\/\/iotlink.com.vn\/en\/chinh-sach-bao-mat\/\" \/>\n<meta property=\"og:site_name\" content=\"IOTLINK\" \/>\n<meta property=\"article:publisher\" content=\"https:\/\/www.facebook.com\/iotlinkmap4d.vn\" \/>\n<meta property=\"article:modified_time\" content=\"2023-03-06T07:57:11+00:00\" \/>\n<meta property=\"og:image\" content=\"https:\/\/iotlink.com.vn\/wp-content\/uploads\/2022\/10\/iotlimk-map4d-chinh-sach-bao-mat-thong-tin-01.png\" \/>\n\t<meta property=\"og:image:width\" content=\"300\" \/>\n\t<meta property=\"og:image:height\" content=\"300\" \/>\n\t<meta property=\"og:image:type\" content=\"image\/png\" \/>\n<meta name=\"twitter:card\" content=\"summary_large_image\" \/>\n<meta name=\"twitter:site\" content=\"@iotlink_map4d\" \/>\n<meta name=\"twitter:label1\" content=\"Est. reading time\" \/>\n\t<meta name=\"twitter:data1\" content=\"10 minutes\" \/>\n<script type=\"application\/ld+json\" class=\"yoast-schema-graph\">{\"@context\":\"https:\/\/schema.org\",\"@graph\":[{\"@type\":\"WebPage\",\"@id\":\"https:\/\/iotlink.com.vn\/chinh-sach-bao-mat\/\",\"url\":\"https:\/\/iotlink.com.vn\/chinh-sach-bao-mat\/\",\"name\":\"Ch\u00ednh s\u00e1ch b\u1ea3o m\u1eadt - IOTLINK\",\"isPartOf\":{\"@id\":\"https:\/\/iotlink.com.vn\/#website\"},\"primaryImageOfPage\":{\"@id\":\"https:\/\/iotlink.com.vn\/chinh-sach-bao-mat\/#primaryimage\"},\"image\":{\"@id\":\"https:\/\/iotlink.com.vn\/chinh-sach-bao-mat\/#primaryimage\"},\"thumbnailUrl\":\"https:\/\/iotlink.com.vn\/wp-content\/uploads\/2022\/10\/iotlimk-map4d-chinh-sach-bao-mat-thong-tin-01.png\",\"datePublished\":\"2022-03-28T05:58:08+00:00\",\"dateModified\":\"2023-03-06T07:57:11+00:00\",\"description\":\"Ch\u00fang t\u00f4i mu\u1ed1n b\u1ea1n hi\u1ec3u r\u00f5 c\u00e1c lo\u1ea1i th\u00f4ng tin m\u00e0 ch\u00fang t\u00f4i thu th\u1eadp khi b\u1ea1n s\u1eed d\u1ee5ng d\u1ecbch v\u1ee5 c\u1ee7a ch\u00fang t\u00f4i.\",\"breadcrumb\":{\"@id\":\"https:\/\/iotlink.com.vn\/chinh-sach-bao-mat\/#breadcrumb\"},\"inLanguage\":\"en-US\",\"potentialAction\":[{\"@type\":\"ReadAction\",\"target\":[\"https:\/\/iotlink.com.vn\/chinh-sach-bao-mat\/\"]}]},{\"@type\":\"ImageObject\",\"inLanguage\":\"en-US\",\"@id\":\"https:\/\/iotlink.com.vn\/chinh-sach-bao-mat\/#primaryimage\",\"url\":\"https:\/\/iotlink.com.vn\/wp-content\/uploads\/2022\/10\/iotlimk-map4d-chinh-sach-bao-mat-thong-tin-01.png\",\"contentUrl\":\"https:\/\/iotlink.com.vn\/wp-content\/uploads\/2022\/10\/iotlimk-map4d-chinh-sach-bao-mat-thong-tin-01.png\",\"width\":300,\"height\":300},{\"@type\":\"BreadcrumbList\",\"@id\":\"https:\/\/iotlink.com.vn\/chinh-sach-bao-mat\/#breadcrumb\",\"itemListElement\":[{\"@type\":\"ListItem\",\"position\":1,\"name\":\"TRANG CH\u1ee6\",\"item\":\"https:\/\/iotlink.com.vn\/\"},{\"@type\":\"ListItem\",\"position\":2,\"name\":\"Ch\u00ednh s\u00e1ch b\u1ea3o m\u1eadt\"}]},{\"@type\":\"WebSite\",\"@id\":\"https:\/\/iotlink.com.vn\/#website\",\"url\":\"https:\/\/iotlink.com.vn\/\",\"name\":\"IOTLINK\",\"description\":\"N\u1ec1n t\u1ea3ng c\u1ee7a c\u00e1c n\u1ec1n t\u1ea3ng\",\"publisher\":{\"@id\":\"https:\/\/iotlink.com.vn\/#organization\"},\"potentialAction\":[{\"@type\":\"SearchAction\",\"target\":{\"@type\":\"EntryPoint\",\"urlTemplate\":\"https:\/\/iotlink.com.vn\/?s={search_term_string}\"},\"query-input\":{\"@type\":\"PropertyValueSpecification\",\"valueRequired\":true,\"valueName\":\"search_term_string\"}}],\"inLanguage\":\"en-US\"},{\"@type\":\"Organization\",\"@id\":\"https:\/\/iotlink.com.vn\/#organization\",\"name\":\"C\u00f4ng ty TNHH IOTLINK\",\"alternateName\":\"IOTLINK - Map4D\",\"url\":\"https:\/\/iotlink.com.vn\/\",\"logo\":{\"@type\":\"ImageObject\",\"inLanguage\":\"en-US\",\"@id\":\"https:\/\/iotlink.com.vn\/#\/schema\/logo\/image\/\",\"url\":\"https:\/\/iotlink.com.vn\/wp-content\/uploads\/2023\/02\/cropped-IOTLink-logo-for-intro.png\",\"contentUrl\":\"https:\/\/iotlink.com.vn\/wp-content\/uploads\/2023\/02\/cropped-IOTLink-logo-for-intro.png\",\"width\":2055,\"height\":997,\"caption\":\"C\u00f4ng ty TNHH IOTLINK\"},\"image\":{\"@id\":\"https:\/\/iotlink.com.vn\/#\/schema\/logo\/image\/\"},\"sameAs\":[\"https:\/\/www.facebook.com\/iotlinkmap4d.vn\",\"https:\/\/x.com\/iotlink_map4d\",\"https:\/\/www.instagram.com\/iotlink.map4d\/\",\"https:\/\/www.linkedin.com\/company\/iotlink-coporation\/mycompany\"]}]}<\/script>\n<!-- \/ Yoast SEO Premium plugin. -->","yoast_head_json":{"title":"Ch\u00ednh s\u00e1ch b\u1ea3o m\u1eadt - IOTLINK","description":"Ch\u00fang t\u00f4i mu\u1ed1n b\u1ea1n hi\u1ec3u r\u00f5 c\u00e1c lo\u1ea1i th\u00f4ng tin m\u00e0 ch\u00fang t\u00f4i thu th\u1eadp khi b\u1ea1n s\u1eed d\u1ee5ng d\u1ecbch v\u1ee5 c\u1ee7a ch\u00fang t\u00f4i.","robots":{"index":"index","follow":"follow","max-snippet":"max-snippet:-1","max-image-preview":"max-image-preview:large","max-video-preview":"max-video-preview:-1"},"canonical":"https:\/\/iotlink.com.vn\/en\/chinh-sach-bao-mat\/","og_locale":"en_US","og_type":"article","og_title":"Ch\u00ednh s\u00e1ch b\u1ea3o m\u1eadt","og_description":"Ch\u00fang t\u00f4i mu\u1ed1n b\u1ea1n hi\u1ec3u r\u00f5 c\u00e1c lo\u1ea1i th\u00f4ng tin m\u00e0 ch\u00fang t\u00f4i thu th\u1eadp khi b\u1ea1n s\u1eed d\u1ee5ng d\u1ecbch v\u1ee5 c\u1ee7a ch\u00fang t\u00f4i.","og_url":"https:\/\/iotlink.com.vn\/en\/chinh-sach-bao-mat\/","og_site_name":"IOTLINK","article_publisher":"https:\/\/www.facebook.com\/iotlinkmap4d.vn","article_modified_time":"2023-03-06T07:57:11+00:00","og_image":[{"width":300,"height":300,"url":"https:\/\/iotlink.com.vn\/wp-content\/uploads\/2022\/10\/iotlimk-map4d-chinh-sach-bao-mat-thong-tin-01.png","type":"image\/png"}],"twitter_card":"summary_large_image","twitter_site":"@iotlink_map4d","twitter_misc":{"Est. reading time":"10 minutes"},"schema":{"@context":"https:\/\/schema.org","@graph":[{"@type":"WebPage","@id":"https:\/\/iotlink.com.vn\/chinh-sach-bao-mat\/","url":"https:\/\/iotlink.com.vn\/chinh-sach-bao-mat\/","name":"Ch\u00ednh s\u00e1ch b\u1ea3o m\u1eadt - IOTLINK","isPartOf":{"@id":"https:\/\/iotlink.com.vn\/#website"},"primaryImageOfPage":{"@id":"https:\/\/iotlink.com.vn\/chinh-sach-bao-mat\/#primaryimage"},"image":{"@id":"https:\/\/iotlink.com.vn\/chinh-sach-bao-mat\/#primaryimage"},"thumbnailUrl":"https:\/\/iotlink.com.vn\/wp-content\/uploads\/2022\/10\/iotlimk-map4d-chinh-sach-bao-mat-thong-tin-01.png","datePublished":"2022-03-28T05:58:08+00:00","dateModified":"2023-03-06T07:57:11+00:00","description":"Ch\u00fang t\u00f4i mu\u1ed1n b\u1ea1n hi\u1ec3u r\u00f5 c\u00e1c lo\u1ea1i th\u00f4ng tin m\u00e0 ch\u00fang t\u00f4i thu th\u1eadp khi b\u1ea1n s\u1eed d\u1ee5ng d\u1ecbch v\u1ee5 c\u1ee7a ch\u00fang t\u00f4i.","breadcrumb":{"@id":"https:\/\/iotlink.com.vn\/chinh-sach-bao-mat\/#breadcrumb"},"inLanguage":"en-US","potentialAction":[{"@type":"ReadAction","target":["https:\/\/iotlink.com.vn\/chinh-sach-bao-mat\/"]}]},{"@type":"ImageObject","inLanguage":"en-US","@id":"https:\/\/iotlink.com.vn\/chinh-sach-bao-mat\/#primaryimage","url":"https:\/\/iotlink.com.vn\/wp-content\/uploads\/2022\/10\/iotlimk-map4d-chinh-sach-bao-mat-thong-tin-01.png","contentUrl":"https:\/\/iotlink.com.vn\/wp-content\/uploads\/2022\/10\/iotlimk-map4d-chinh-sach-bao-mat-thong-tin-01.png","width":300,"height":300},{"@type":"BreadcrumbList","@id":"https:\/\/iotlink.com.vn\/chinh-sach-bao-mat\/#breadcrumb","itemListElement":[{"@type":"ListItem","position":1,"name":"TRANG CH\u1ee6","item":"https:\/\/iotlink.com.vn\/"},{"@type":"ListItem","position":2,"name":"Ch\u00ednh s\u00e1ch b\u1ea3o m\u1eadt"}]},{"@type":"WebSite","@id":"https:\/\/iotlink.com.vn\/#website","url":"https:\/\/iotlink.com.vn\/","name":"IOTLINK","description":"N\u1ec1n t\u1ea3ng c\u1ee7a c\u00e1c n\u1ec1n t\u1ea3ng","publisher":{"@id":"https:\/\/iotlink.com.vn\/#organization"},"potentialAction":[{"@type":"SearchAction","target":{"@type":"EntryPoint","urlTemplate":"https:\/\/iotlink.com.vn\/?s={search_term_string}"},"query-input":{"@type":"PropertyValueSpecification","valueRequired":true,"valueName":"search_term_string"}}],"inLanguage":"en-US"},{"@type":"Organization","@id":"https:\/\/iotlink.com.vn\/#organization","name":"C\u00f4ng ty TNHH IOTLINK","alternateName":"IOTLINK - Map4D","url":"https:\/\/iotlink.com.vn\/","logo":{"@type":"ImageObject","inLanguage":"en-US","@id":"https:\/\/iotlink.com.vn\/#\/schema\/logo\/image\/","url":"https:\/\/iotlink.com.vn\/wp-content\/uploads\/2023\/02\/cropped-IOTLink-logo-for-intro.png","contentUrl":"https:\/\/iotlink.com.vn\/wp-content\/uploads\/2023\/02\/cropped-IOTLink-logo-for-intro.png","width":2055,"height":997,"caption":"C\u00f4ng ty TNHH IOTLINK"},"image":{"@id":"https:\/\/iotlink.com.vn\/#\/schema\/logo\/image\/"},"sameAs":["https:\/\/www.facebook.com\/iotlinkmap4d.vn","https:\/\/x.com\/iotlink_map4d","https:\/\/www.instagram.com\/iotlink.map4d\/","https:\/\/www.linkedin.com\/company\/iotlink-coporation\/mycompany"]}]}},"_links":{"self":[{"href":"https:\/\/iotlink.com.vn\/en\/wp-json\/wp\/v2\/pages\/1855","targetHints":{"allow":["GET"]}}],"collection":[{"href":"https:\/\/iotlink.com.vn\/en\/wp-json\/wp\/v2\/pages"}],"about":[{"href":"https:\/\/iotlink.com.vn\/en\/wp-json\/wp\/v2\/types\/page"}],"author":[{"embeddable":true,"href":"https:\/\/iotlink.com.vn\/en\/wp-json\/wp\/v2\/users\/1"}],"replies":[{"embeddable":true,"href":"https:\/\/iotlink.com.vn\/en\/wp-json\/wp\/v2\/comments?post=1855"}],"version-history":[{"count":0,"href":"https:\/\/iotlink.com.vn\/en\/wp-json\/wp\/v2\/pages\/1855\/revisions"}],"wp:featuredmedia":[{"embeddable":true,"href":"https:\/\/iotlink.com.vn\/en\/wp-json\/wp\/v2\/media\/11941"}],"wp:attachment":[{"href":"https:\/\/iotlink.com.vn\/en\/wp-json\/wp\/v2\/media?parent=1855"}],"curies":[{"name":"wp","href":"https:\/\/api.w.org\/{rel}","templated":true}]}}